{"id":3667,"date":"2015-07-07T05:04:15","date_gmt":"2015-07-07T05:04:15","guid":{"rendered":"http:\/\/themes.themegoods.com\/photome\/demo\/?page_id=3667"},"modified":"2023-06-05T09:05:34","modified_gmt":"2023-06-05T07:05:34","slug":"home-portfolio","status":"publish","type":"page","link":"https:\/\/xn--norskr-fua.se\/","title":{"rendered":"Startsida"},"content":{"rendered":"<div  class=\"one withsmallpadding ppb_content_half_bg \" style=\"padding:30px 0 30px 0;\" >\n<div class=\"standard_wrapper\">\n<div class=\"page_content_wrapper\">\n<div class=\"inner\">\n<div class=\"one_half_bg floatright\" style=\"background:#ffffff;background:rgb(255,255,255,1);background:rgba(255,255,255,1);\">\n<h2 class=\"ppb_title\" style=\"\">Norsk\u00e4r<\/h2>\n<div class=\"page_header_sep left\" ><\/div>\n<p>Det \u00e4r l\u00e4tt att l\u00e4ngta till lugnet, avskildheten och de njutbara naturscenerierna h\u00e4r.<\/p>\n<p>N\u00e4r du v\u00e4ljer ett hus p\u00e5 Norsk\u00e4r v\u00e4ljer du ocks\u00e5 en livsstil d\u00e4r naturen och \u00e5rstidsv\u00e4xlingarna pr\u00e4glar tillvaron. <\/p>\n<p>Du kan njuta av sol och h\u00e4rliga bad under stilla sommardagar eller mysiga h\u00f6stkv\u00e4llar med t\u00e4nda ljus och byiga vindar som piskar upp v\u00e5gor i vattnet utanf\u00f6r f\u00f6nstret.<\/p>\n<p>V\u00e4nerns gnistrande is inbjuder till l\u00e5nga skridskof\u00e4rder p\u00e5 vintern och p\u00e5 v\u00e5ren spirar vitsippor i lundarna medan sk\u00e4ren intas av tusentals sj\u00f6f\u00e5glar.<\/p>\n<\/div>\n<\/div>\n<\/div>\n<\/div>\n<\/div>\n<div  class=\"one withsmallpadding ppb_content_half_bg \" style=\"padding:30px 0 30px 0;\" >\n<div class=\"standard_wrapper\">\n<div class=\"page_content_wrapper\">\n<div class=\"inner\">\n<div class=\"one_half_bg floatright\" style=\"background:#ffffff;background:rgb(255,255,255,1);background:rgba(255,255,255,1);\">\n<h2 class=\"ppb_title\" style=\"\">Norsk\u00e4r<\/h2>\n<div class=\"page_header_sep left\" ><\/div>\n<p>Det \u00e4r l\u00e4tt att l\u00e4ngta till lugnet, avskildheten och de njutbara naturscenerierna h\u00e4r.<\/p>\n<p>N\u00e4r du v\u00e4ljer ett hus p\u00e5 Norsk\u00e4r v\u00e4ljer du ocks\u00e5 en livsstil d\u00e4r naturen och \u00e5rstidsv\u00e4xlingarna pr\u00e4glar tillvaron. <\/p>\n<p>Du kan njuta av sol och h\u00e4rliga bad under stilla sommardagar eller mysiga h\u00f6stkv\u00e4llar med t\u00e4nda ljus och byiga vindar som piskar upp v\u00e5gor i vattnet utanf\u00f6r f\u00f6nstret.<\/p>\n<p>V\u00e4nerns gnistrande is inbjuder till l\u00e5nga skridskof\u00e4rder p\u00e5 vintern och p\u00e5 v\u00e5ren spirar vitsippor i lundarna medan sk\u00e4ren intas av tusentals sj\u00f6f\u00e5glar.<\/p>\n<\/div>\n<\/div>\n<\/div>\n<\/div>\n<\/div>\n<div  class=\"one withsmallpadding ppb_content_half_bg \" style=\"padding:30px 0 30px 0;\" >\n<div class=\"standard_wrapper\">\n<div class=\"page_content_wrapper\">\n<div class=\"inner\">\n<div class=\"one_half_bg floatright\" style=\"background:#ffffff;background:rgb(255,255,255,1);background:rgba(255,255,255,1);\">\n<h2 class=\"ppb_title\" style=\"\">Norsk\u00e4r<\/h2>\n<div class=\"page_header_sep left\" ><\/div>\n<p>Det \u00e4r l\u00e4tt att l\u00e4ngta till lugnet, avskildheten och de njutbara naturscenerierna h\u00e4r.<\/p>\n<p>N\u00e4r du v\u00e4ljer ett hus p\u00e5 Norsk\u00e4r v\u00e4ljer du ocks\u00e5 en livsstil d\u00e4r naturen och \u00e5rstidsv\u00e4xlingarna pr\u00e4glar tillvaron. <\/p>\n<p>Du kan njuta av sol och h\u00e4rliga bad under stilla sommardagar eller mysiga h\u00f6stkv\u00e4llar med t\u00e4nda ljus och byiga vindar som piskar upp v\u00e5gor i vattnet utanf\u00f6r f\u00f6nstret.<\/p>\n<p>V\u00e4nerns gnistrande is inbjuder till l\u00e5nga skridskof\u00e4rder p\u00e5 vintern och p\u00e5 v\u00e5ren spirar vitsippor i lundarna medan sk\u00e4ren intas av tusentals sj\u00f6f\u00e5glar.<\/p>\n<\/div>\n<\/div>\n<\/div>\n<\/div>\n<\/div>\n","protected":false},"excerpt":{"rendered":"<p>Norsk\u00e4r Det \u00e4r l\u00e4tt att l\u00e4ngta till lugnet, avskildheten och de njutbara naturscenerierna h\u00e4r. N\u00e4r du v\u00e4ljer ett hus p\u00e5 Norsk\u00e4r v\u00e4ljer du ocks\u00e5 en livsstil d\u00e4r naturen och \u00e5rstidsv\u00e4xlingarna pr\u00e4glar tillvaron. Du kan njuta av sol och h\u00e4rliga bad [&hellip;]<\/p>\n","protected":false},"author":1,"featured_media":0,"parent":0,"menu_order":0,"comment_status":"open","ping_status":"open","template":"","meta":[],"jetpack-related-posts":[{"id":4068,"url":"https:\/\/xn--norskr-fua.se\/index.php\/omradet\/","url_meta":{"origin":3667,"position":0},"title":"Omr\u00e5det","date":"19 april, 2021","format":false,"excerpt":"Omr\u00e5det Det \u00e4r l\u00e4tt att l\u00e4ngta till lugnet, avskildheten och de njutbara naturscenerierna h\u00e4r. N\u00e4r du v\u00e4ljer ett hus p\u00e5 Norsk\u00e4r v\u00e4ljer du ocks\u00e5 en livsstil d\u00e4r naturen och \u00e5rstidsv\u00e4xlingarna pr\u00e4glar tillvaron. Du kan njuta av sol och h\u00e4rliga bad under stilla sommardagar eller mysiga h\u00f6stkv\u00e4llar med t\u00e4nda ljus och\u2026","rel":"","context":"Liknande inl\u00e4gg","img":{"alt_text":"","src":"","width":0,"height":0},"classes":[]},{"id":3990,"url":"https:\/\/xn--norskr-fua.se\/index.php\/landskapet\/","url_meta":{"origin":3667,"position":1},"title":"Landskapet","date":"19 april, 2021","format":false,"excerpt":"LandskapetEtt ur\u00e5ldrigt landskap som formats under \u00e5rmiljarder v\u00e4ntar p\u00e5 att ta andan ur dig som kommer till Tors\u00f6 och Norsk\u00e4r. Med sin sk\u00e4rg\u00e5rd och sin n\u00e4rhet till Mariestad \u00e4r det h\u00e4r en perfekt plats att dra sig tillbaka till f\u00f6r att finna lugnet och utg\u00e5 ifr\u00e5n n\u00e4r du snabbt vill\u2026","rel":"","context":"Liknande inl\u00e4gg","img":{"alt_text":"","src":"","width":0,"height":0},"classes":[]},{"id":4143,"url":"https:\/\/xn--norskr-fua.se\/index.php\/ditt-nya-hem\/","url_meta":{"origin":3667,"position":2},"title":"Ditt nya hem","date":"19 april, 2021","format":false,"excerpt":"Ditt nya hemDu blickar ut \u00f6ver V\u00e4nern vid frukostbordet. Tar en p\u00e5t\u00e5r till. Kanske \u00f6ppnar du d\u00f6rren och tar med dig koppen ut p\u00e5 tr\u00e4d\u00e4cket och k\u00e4nner doften av varma tallstammar. L\u00e5ter tankarna vandra fritt medan du h\u00f6r t\u00e4rnorna och m\u00e5sarna som skrattande drar f\u00f6rbi. Du f\u00f6ljer dem med blicken\u2026","rel":"","context":"Liknande inl\u00e4gg","img":{"alt_text":"","src":"","width":0,"height":0},"classes":[]},{"id":4107,"url":"https:\/\/xn--norskr-fua.se\/index.php\/batlivet\/","url_meta":{"origin":3667,"position":3},"title":"B\u00e5tlivet","date":"19 april, 2021","format":false,"excerpt":"B\u00e5tlivetDu m\u00e5ste inte ha b\u00e5t f\u00f6r att kunna njuta av V\u00e4nersk\u00e4rg\u00e5rden. Men om du gillar att ge dig ut p\u00e5 sj\u00f6n s\u00e5 kommer du verkligen att uppskatta allt som Europas st\u00f6rsta insj\u00f6sk\u00e4rg\u00e5rd har att erbjuda. H\u00e4r finns avskilda naturhamnar d\u00e4r du kan ankra och k\u00e4nna dig ensam i paradiset men\u2026","rel":"","context":"Liknande inl\u00e4gg","img":{"alt_text":"","src":"","width":0,"height":0},"classes":[]}],"_links":{"self":[{"href":"https:\/\/xn--norskr-fua.se\/index.php\/wp-json\/wp\/v2\/pages\/3667"}],"collection":[{"href":"https:\/\/xn--norskr-fua.se\/index.php\/wp-json\/wp\/v2\/pages"}],"about":[{"href":"https:\/\/xn--norskr-fua.se\/index.php\/wp-json\/wp\/v2\/types\/page"}],"author":[{"embeddable":true,"href":"https:\/\/xn--norskr-fua.se\/index.php\/wp-json\/wp\/v2\/users\/1"}],"replies":[{"embeddable":true,"href":"https:\/\/xn--norskr-fua.se\/index.php\/wp-json\/wp\/v2\/comments?post=3667"}],"version-history":[{"count":112,"href":"https:\/\/xn--norskr-fua.se\/index.php\/wp-json\/wp\/v2\/pages\/3667\/revisions"}],"predecessor-version":[{"id":4396,"href":"https:\/\/xn--norskr-fua.se\/index.php\/wp-json\/wp\/v2\/pages\/3667\/revisions\/4396"}],"wp:attachment":[{"href":"https:\/\/xn--norskr-fua.se\/index.php\/wp-json\/wp\/v2\/media?parent=3667"}],"curies":[{"name":"wp","href":"https:\/\/api.w.org\/{rel}","templated":true}]}}