{"id":4068,"date":"2021-04-19T09:22:57","date_gmt":"2021-04-19T07:22:57","guid":{"rendered":"http:\/\/xn--norskr-fua.se\/?page_id=4068"},"modified":"2021-09-02T08:11:33","modified_gmt":"2021-09-02T06:11:33","slug":"omradet","status":"publish","type":"page","link":"https:\/\/xn--norskr-fua.se\/index.php\/omradet\/","title":{"rendered":"Omr\u00e5det"},"content":{"rendered":"<div  class=\"one withsmallpadding ppb_content_half_bg \" style=\"padding:30px 0 30px 0;\" >\n<div class=\"standard_wrapper\">\n<div class=\"page_content_wrapper\">\n<div class=\"inner\">\n<div class=\"one_half_bg floatright\" style=\"background:#ffffff;background:rgb(255,255,255,1);background:rgba(255,255,255,1);\">\n<h2 class=\"ppb_title\" style=\"\">Omr\u00e5det<\/h2>\n<div class=\"page_header_sep left\" ><\/div>\n<\/p>\n<p style=\"color: #000000;\">Det \u00e4r l\u00e4tt att l\u00e4ngta till lugnet, avskildheten och de njutbara naturscenerierna h\u00e4r.<\/p>\n<p style=\"color: #000000;\">N\u00e4r du v\u00e4ljer ett hus p\u00e5 Norsk\u00e4r v\u00e4ljer du ocks\u00e5 en livsstil d\u00e4r naturen och \u00e5rstidsv\u00e4xlingarna pr\u00e4glar tillvaron. Du kan njuta av sol och h\u00e4rliga bad under stilla sommardagar eller mysiga h\u00f6stkv\u00e4llar med t\u00e4nda ljus och byiga vindar som piskar upp v\u00e5gor i vattnet utanf\u00f6r f\u00f6nstret.<\/p>\n<p style=\"color: #000000;\">V\u00e4nerns gnistrande is inbjuder till l\u00e5nga skridskof\u00e4rder p\u00e5 vintern och p\u00e5 v\u00e5ren spirar vitsippor i lundarna medan sk\u00e4ren intas av tusentals sj\u00f6f\u00e5glar.<\/p>\n<\/div>\n<\/div>\n<\/div>\n<\/div>\n<\/div>\n<div  class=\"one withsmallpadding ppb_content_half_bg \" style=\"padding:30px 0 30px 0;\" >\n<div class=\"standard_wrapper\">\n<div class=\"page_content_wrapper\">\n<div class=\"inner\">\n<div class=\"one_half_bg floatright\" style=\"background:#ffffff;background:rgb(255,255,255,1);background:rgba(255,255,255,1);\">\n<h2 class=\"ppb_title\" style=\"\">Omr\u00e5det<\/h2>\n<div class=\"page_header_sep left\" ><\/div>\n<\/p>\n<p style=\"color: #000000;\">Det \u00e4r l\u00e4tt att l\u00e4ngta till lugnet, avskildheten och de njutbara naturscenerierna h\u00e4r.<\/p>\n<p style=\"color: #000000;\">N\u00e4r du v\u00e4ljer ett hus p\u00e5 Norsk\u00e4r v\u00e4ljer du ocks\u00e5 en livsstil d\u00e4r naturen och \u00e5rstidsv\u00e4xlingarna pr\u00e4glar tillvaron. Du kan njuta av sol och h\u00e4rliga bad under stilla sommardagar eller mysiga h\u00f6stkv\u00e4llar med t\u00e4nda ljus och byiga vindar som piskar upp v\u00e5gor i vattnet utanf\u00f6r f\u00f6nstret.<\/p>\n<p style=\"color: #000000;\">V\u00e4nerns gnistrande is inbjuder till l\u00e5nga skridskof\u00e4rder p\u00e5 vintern och p\u00e5 v\u00e5ren spirar vitsippor i lundarna medan sk\u00e4ren intas av tusentals sj\u00f6f\u00e5glar.<\/p>\n<\/div>\n<\/div>\n<\/div>\n<\/div>\n<\/div>\n<div  class=\"one\" >\n<div class=\"page_content_wrapper nopadding\">\n<div class=\"one_half_bg textright\" style=\"padding:0px;\">\n<h2 class=\"ppb_title\" >Nora\u00e5dran<\/h2>\n<div class=\"page_header_sep left\" ><\/div>\n<div class=\"nicepadding\">Ljuset \u00e4r alldeles speciellt p\u00e5 den h\u00e4r vackra delen av Tors\u00f6 och det \u00e4r sv\u00e5rt att hitta en plats d\u00e4r du inte kan se V\u00e4nerns bl\u00e5 vatten. Himlen k\u00e4nns alltid n\u00e4ra oavsett om du befinner dig p\u00e5 Eneberget eller Noret i sydv\u00e4st eller blickar ut mot Horsn\u00e4sviken i omr\u00e5dets nordliga del. D\u00e4remellan l\u00f6per den tv\u00e5 kilometer l\u00e5nga stranden som ocks\u00e5 kantar hela Nora\u00e5dran, sundet som skiljer Tors\u00f6 fr\u00e5n Dill\u00f6. Den smala vattenleden \u00e4r popul\u00e4r inte minst bland kanotisterna, som g\u00e4rna g\u00f6r utf\u00e4rder och strandhugg i V\u00e4nersk\u00e4rg\u00e5rden.<\/div>\n<\/div>\n<div class=\"one_half_bg\"><\/div>\n<p><br class=\"clear\"\/><\/div>\n<\/div>\n<div  class=\"one\" >\n<div class=\"page_content_wrapper nopadding\">\n<div class=\"one_half_bg textright\" style=\"padding:0px;\">\n<h2 class=\"ppb_title\" >Nora\u00e5dran<\/h2>\n<div class=\"page_header_sep left\" ><\/div>\n<div class=\"nicepadding\">Ljuset \u00e4r alldeles speciellt p\u00e5 den h\u00e4r vackra delen av Tors\u00f6 och det \u00e4r sv\u00e5rt att hitta en plats d\u00e4r du inte kan se V\u00e4nerns bl\u00e5 vatten. Himlen k\u00e4nns alltid n\u00e4ra oavsett om du befinner dig p\u00e5 Eneberget eller Noret i sydv\u00e4st eller blickar ut mot Horsn\u00e4sviken i omr\u00e5dets nordliga del. D\u00e4remellan l\u00f6per den tv\u00e5 kilometer l\u00e5nga stranden som ocks\u00e5 kantar hela Nora\u00e5dran, sundet som skiljer Tors\u00f6 fr\u00e5n Dill\u00f6. Den smala vattenleden \u00e4r popul\u00e4r inte minst bland kanotisterna, som g\u00e4rna g\u00f6r utf\u00e4rder och strandhugg i V\u00e4nersk\u00e4rg\u00e5rden.<\/div>\n<\/div>\n<div class=\"one_half_bg\"><\/div>\n<p><br class=\"clear\"\/><\/div>\n<\/div>\n<div  class=\"one\" >\n<div class=\"page_content_wrapper nopadding\">\n<div class=\"one_half_bg textright\" style=\"padding:0px;\">\n<h2 class=\"ppb_title\" >Getaryggen<\/h2>\n<div class=\"page_header_sep left\" ><\/div>\n<div class=\"nicepadding\">I \u00f6ster avgr\u00e4nsas omr\u00e5det av en l\u00e5ngstr\u00e4ckt h\u00f6jd som f\u00e5tt det passande namnet Getaryggen. Hit g\u00e5r en av Tors\u00f6s fina vandringsleder och leder fram till utsiktsplatsen som bjuder p\u00e5 en makal\u00f6s vy \u00f6ver V\u00e4nern.<\/p>\n<p>Gillar du vandring s\u00e5 kan du f\u00f6lja leden f\u00f6rbi de fina badplatserna Skr\u00e4ddaretorp och Hattareviken, \u00e4nda bort till Laxhall.<\/p><\/div>\n<\/div>\n<div class=\"one_half_bg\"><\/div>\n<p><br class=\"clear\"\/><\/div>\n<\/div>\n<div  class=\"one\" >\n<div class=\"page_content_wrapper nopadding\">\n<div class=\"one_half_bg textright\" style=\"padding:0px;\">\n<h2 class=\"ppb_title\" >Getaryggen<\/h2>\n<div class=\"page_header_sep left\" ><\/div>\n<div class=\"nicepadding\">I \u00f6ster avgr\u00e4nsas omr\u00e5det av en l\u00e5ngstr\u00e4ckt h\u00f6jd som f\u00e5tt det passande namnet Getaryggen. Hit g\u00e5r en av Tors\u00f6s fina vandringsleder och leder fram till utsiktsplatsen som bjuder p\u00e5 en makal\u00f6s vy \u00f6ver V\u00e4nern.<\/p>\n<p>Gillar du vandring s\u00e5 kan du f\u00f6lja leden f\u00f6rbi de fina badplatserna Skr\u00e4ddaretorp och Hattareviken, \u00e4nda bort till Laxhall.<\/p><\/div>\n<\/div>\n<div class=\"one_half_bg\"><\/div>\n<p><br class=\"clear\"\/><\/div>\n<\/div>\n<div  class=\"one\" >\n<div class=\"page_content_wrapper nopadding\">\n<div class=\"one_half_bg textright\" style=\"padding:0px;\">\n<h2 class=\"ppb_title\" >Norsk\u00e4r<\/h2>\n<div class=\"page_header_sep left\" ><\/div>\n<div class=\"nicepadding\">Allra l\u00e4ngst i sydv\u00e4st ligger Norsk\u00e4r. Precis som namnet antyder, har det en g\u00e5ng, n\u00e4r vattenniv\u00e5n varierade mer, varit avskuret fr\u00e5n Tors\u00f6 och utgjort ett eget sk\u00e4r. <\/p>\n<p>I dag har sk\u00e4ret vuxit samman med Tors\u00f6 och betraktas numera som en liten halv\u00f6.<\/p><\/div>\n<\/div>\n<div class=\"one_half_bg\"><\/div>\n<p><br class=\"clear\"\/><\/div>\n<\/div>\n<div  class=\"one\" >\n<div class=\"page_content_wrapper nopadding\">\n<div class=\"one_half_bg textright\" style=\"padding:0px;\">\n<h2 class=\"ppb_title\" >Norsk\u00e4r<\/h2>\n<div class=\"page_header_sep left\" ><\/div>\n<div class=\"nicepadding\">Allra l\u00e4ngst i sydv\u00e4st ligger Norsk\u00e4r. Precis som namnet antyder, har det en g\u00e5ng, n\u00e4r vattenniv\u00e5n varierade mer, varit avskuret fr\u00e5n Tors\u00f6 och utgjort ett eget sk\u00e4r. <\/p>\n<p>I dag har sk\u00e4ret vuxit samman med Tors\u00f6 och betraktas numera som en liten halv\u00f6.<\/p><\/div>\n<\/div>\n<div class=\"one_half_bg\"><\/div>\n<p><br class=\"clear\"\/><\/div>\n<\/div>\n<div  class=\"one\" >\n<div class=\"page_content_wrapper nopadding\">\n<div class=\"one_half_bg textright\" style=\"padding:0px;\">\n<h2 class=\"ppb_title\" >Tors\u00f6<\/h2>\n<div class=\"page_header_sep left\" ><\/div>\n<div class=\"nicepadding\">Vi befinner oss p\u00e5 Tors\u00f6s allra v\u00e4stligaste del. \u00d6sterut finns f\u00f6rutom den storslagna naturen, fisket, de h\u00e4rliga sandstr\u00e4nderna och badklipporna, mycket annat att uppt\u00e4cka p\u00e5 V\u00e4nerns st\u00f6rsta \u00f6. H\u00e4r finner du till exempel Tors\u00f6 kyrka. Den \u00e4r uppf\u00f6rd 1838 p\u00e5 samma plats som en stenkyrka fr\u00e5n 1100 eller 1200-talet stod tidigare.<\/p>\n<p>Sommartid anv\u00e4nds \u00e4ven F\u00e5gel\u00f6 kapell som kyrka och d\u00e4r brukar man h\u00e5lla m\u00e5nga konserter med musik i sommarkv\u00e4llen.<\/p>\n<p>P\u00e5 norra delen av \u00f6n, vid Tranvik, finns Hulan som \u00e4r \u00f6ns \u00e4ldsta bevarade byggnad. Det \u00e4r ett torp fr\u00e5n 1600-talet, varsamt upprustat av Tors\u00f6 hembygdsf\u00f6rening. Samma f\u00f6rening har \u00e4ven sommarservering och visningar av en \u00e4kta Tors\u00f6snipa vid hembygdsg\u00e5rden Sandb\u00e4cken som ligger bara ett drygt stenkast bort, f\u00f6rbi Getaryggen. P\u00e5 samma plats finns Trollstigen, med upplevelser anpassade f\u00f6r barn.<\/p>\n<p>Gillar du att r\u00f6ra p\u00e5 dig finns Tors\u00f6 bygdeg\u00e5rds- och idrottsf\u00f6rening som bedriver seriespel i fotboll, gympa, yoga, tabata, tipspromenader och som \u00e4ven har ett gym i bygdeg\u00e5rden.Dessutom arrangerar man det traditionella och popul\u00e4ra firandet av s\u00e5v\u00e4l valborg som midsommar.<\/p>\n<p>Vid Laxhall finns hamnkrog, bastu och relax, liksom konferensm\u00f6jligheter och b\u00e5tuthyrning. Det \u00e4r \u00e4ven h\u00e4rifr\u00e5n som du kan ta dig vidare till Bromm\u00f6 med linf\u00e4rjan.<\/p>\n<p>P\u00e5 flera platser finns fornminnen fr\u00e5n brons\u00e5lder och j\u00e4rn\u00e5lder, bland annat fornborgen Bor\u00e4ngsborg. Men h\u00e4r finns \u00e4ven fantasieggande domarringar, h\u00f6gar och gravf\u00e4lt. I vattnet utanf\u00f6r ligger m\u00e5nga vrak fr\u00e5n olika tidsepoker och ruvar p\u00e5 sina sedan l\u00e4nge gl\u00f6mda hemligheter.<\/p><\/div>\n<\/div>\n<div class=\"one_half_bg\"><\/div>\n<p><br class=\"clear\"\/><\/div>\n<\/div>\n","protected":false},"excerpt":{"rendered":"<p>Omr\u00e5det Det \u00e4r l\u00e4tt att l\u00e4ngta till lugnet, avskildheten och de njutbara naturscenerierna h\u00e4r. N\u00e4r du v\u00e4ljer ett hus p\u00e5 Norsk\u00e4r v\u00e4ljer du ocks\u00e5 en livsstil d\u00e4r naturen och \u00e5rstidsv\u00e4xlingarna pr\u00e4glar tillvaron. Du kan njuta av sol och h\u00e4rliga bad [&hellip;]<\/p>\n","protected":false},"author":1,"featured_media":0,"parent":0,"menu_order":0,"comment_status":"closed","ping_status":"closed","template":"","meta":[],"jetpack-related-posts":[{"id":4143,"url":"https:\/\/xn--norskr-fua.se\/index.php\/ditt-nya-hem\/","url_meta":{"origin":4068,"position":0},"title":"Ditt nya hem","date":"19 april, 2021","format":false,"excerpt":"Ditt nya hemDu blickar ut \u00f6ver V\u00e4nern vid frukostbordet. Tar en p\u00e5t\u00e5r till. Kanske \u00f6ppnar du d\u00f6rren och tar med dig koppen ut p\u00e5 tr\u00e4d\u00e4cket och k\u00e4nner doften av varma tallstammar. L\u00e5ter tankarna vandra fritt medan du h\u00f6r t\u00e4rnorna och m\u00e5sarna som skrattande drar f\u00f6rbi. Du f\u00f6ljer dem med blicken\u2026","rel":"","context":"Liknande inl\u00e4gg","img":{"alt_text":"","src":"","width":0,"height":0},"classes":[]},{"id":3667,"url":"https:\/\/xn--norskr-fua.se\/","url_meta":{"origin":4068,"position":1},"title":"Startsida","date":"7 juli, 2015","format":false,"excerpt":"Norsk\u00e4rDet \u00e4r l\u00e4tt att l\u00e4ngta till lugnet, avskildheten och de njutbara naturscenerierna h\u00e4r. N\u00e4r du v\u00e4ljer ett hus p\u00e5 Norsk\u00e4r v\u00e4ljer du ocks\u00e5 en livsstil d\u00e4r naturen och \u00e5rstidsv\u00e4xlingarna pr\u00e4glar tillvaron. Du kan njuta av sol och h\u00e4rliga bad under stilla sommardagar eller mysiga h\u00f6stkv\u00e4llar med t\u00e4nda ljus och byiga\u2026","rel":"","context":"Liknande inl\u00e4gg","img":{"alt_text":"","src":"","width":0,"height":0},"classes":[]},{"id":4107,"url":"https:\/\/xn--norskr-fua.se\/index.php\/batlivet\/","url_meta":{"origin":4068,"position":2},"title":"B\u00e5tlivet","date":"19 april, 2021","format":false,"excerpt":"B\u00e5tlivetDu m\u00e5ste inte ha b\u00e5t f\u00f6r att kunna njuta av V\u00e4nersk\u00e4rg\u00e5rden. Men om du gillar att ge dig ut p\u00e5 sj\u00f6n s\u00e5 kommer du verkligen att uppskatta allt som Europas st\u00f6rsta insj\u00f6sk\u00e4rg\u00e5rd har att erbjuda. H\u00e4r finns avskilda naturhamnar d\u00e4r du kan ankra och k\u00e4nna dig ensam i paradiset men\u2026","rel":"","context":"Liknande inl\u00e4gg","img":{"alt_text":"","src":"","width":0,"height":0},"classes":[]},{"id":3990,"url":"https:\/\/xn--norskr-fua.se\/index.php\/landskapet\/","url_meta":{"origin":4068,"position":3},"title":"Landskapet","date":"19 april, 2021","format":false,"excerpt":"LandskapetEtt ur\u00e5ldrigt landskap som formats under \u00e5rmiljarder v\u00e4ntar p\u00e5 att ta andan ur dig som kommer till Tors\u00f6 och Norsk\u00e4r. Med sin sk\u00e4rg\u00e5rd och sin n\u00e4rhet till Mariestad \u00e4r det h\u00e4r en perfekt plats att dra sig tillbaka till f\u00f6r att finna lugnet och utg\u00e5 ifr\u00e5n n\u00e4r du snabbt vill\u2026","rel":"","context":"Liknande inl\u00e4gg","img":{"alt_text":"","src":"","width":0,"height":0},"classes":[]}],"_links":{"self":[{"href":"https:\/\/xn--norskr-fua.se\/index.php\/wp-json\/wp\/v2\/pages\/4068"}],"collection":[{"href":"https:\/\/xn--norskr-fua.se\/index.php\/wp-json\/wp\/v2\/pages"}],"about":[{"href":"https:\/\/xn--norskr-fua.se\/index.php\/wp-json\/wp\/v2\/types\/page"}],"author":[{"embeddable":true,"href":"https:\/\/xn--norskr-fua.se\/index.php\/wp-json\/wp\/v2\/users\/1"}],"replies":[{"embeddable":true,"href":"https:\/\/xn--norskr-fua.se\/index.php\/wp-json\/wp\/v2\/comments?post=4068"}],"version-history":[{"count":35,"href":"https:\/\/xn--norskr-fua.se\/index.php\/wp-json\/wp\/v2\/pages\/4068\/revisions"}],"predecessor-version":[{"id":4207,"href":"https:\/\/xn--norskr-fua.se\/index.php\/wp-json\/wp\/v2\/pages\/4068\/revisions\/4207"}],"wp:attachment":[{"href":"https:\/\/xn--norskr-fua.se\/index.php\/wp-json\/wp\/v2\/media?parent=4068"}],"curies":[{"name":"wp","href":"https:\/\/api.w.org\/{rel}","templated":true}]}}