{"id":4107,"date":"2021-04-19T09:41:10","date_gmt":"2021-04-19T07:41:10","guid":{"rendered":"http:\/\/xn--norskr-fua.se\/?page_id=4107"},"modified":"2021-09-02T08:10:39","modified_gmt":"2021-09-02T06:10:39","slug":"batlivet","status":"publish","type":"page","link":"https:\/\/xn--norskr-fua.se\/index.php\/batlivet\/","title":{"rendered":"B\u00e5tlivet"},"content":{"rendered":"<div  class=\"one withsmallpadding ppb_content_half_bg \" style=\"padding:30px 0 30px 0;\" >\n<div class=\"standard_wrapper\">\n<div class=\"page_content_wrapper\">\n<div class=\"inner\">\n<div class=\"one_half_bg floatright\" style=\"background:#ffffff;background:rgb(255,255,255,1);background:rgba(255,255,255,1);\">\n<h2 class=\"ppb_title\" style=\"\">B\u00e5tlivet<\/h2>\n<div class=\"page_header_sep left\" ><\/div>\n<p>Du m\u00e5ste inte ha b\u00e5t f\u00f6r att kunna njuta av V\u00e4nersk\u00e4rg\u00e5rden. Men om du gillar att ge dig ut p\u00e5 sj\u00f6n s\u00e5 kommer du verkligen att uppskatta allt som Europas st\u00f6rsta insj\u00f6sk\u00e4rg\u00e5rd har att erbjuda.<\/p>\n<p>H\u00e4r finns avskilda naturhamnar d\u00e4r du kan ankra och k\u00e4nna dig ensam i paradiset men ocks\u00e5 st\u00f6rre g\u00e4sthamnar och marinor med h\u00f6g serviceniv\u00e5 och folkliv.<\/p>\n<p>Sk\u00e4rg\u00e5rden \u00e4r som gjord f\u00f6r strandhugg och uppt\u00e4cktsf\u00e4rder och med b\u00e5t kan du alltid v\u00e4lja milj\u00f6 efter hum\u00f6r: Avskilt och lugnt eller mitt i vimlet. Vill du bara prova p\u00e5 b\u00e5tlivet, s\u00e5 finns det m\u00f6jlighet att hyra mindre b\u00e5tar och kajaker bland annat vid Laxhall och Tors\u00f6 camping.<\/p>\n<\/div>\n<\/div>\n<\/div>\n<\/div>\n<\/div>\n<div  class=\"one withsmallpadding ppb_header \" style=\"text-align:left;padding:30px 0 30px 0;\" >\n<div class=\"standard_wrapper\">\n<div class=\"page_content_wrapper\">\n<div class=\"inner\">\n<div style=\"margin:auto;width:100%\">\n<h2 class=\"ppb_title\" style=\"\">Il\u00e4ggsramper<\/h2>\n<div class=\"page_header_sep left\"><\/div>\n<\/p>\n<p style=\"color: #000000;\">Runt om V\u00e4nern finns m\u00e5nga il\u00e4ggsramper f\u00f6r dig som vill ta dig till Norsk\u00e4r med b\u00e5t. N\u00e4rmast p\u00e5 fastlandet finns i s\u00f6der Ekudden i Mariestad och i norr Sj\u00f6torp. P\u00e5 sj\u00e4lva Tors\u00f6 finns il\u00e4ggsramp i Laxhalls hamn.<\/p>\n<\/div>\n<\/div>\n<\/div>\n<\/div>\n<\/div>\n<div  class=\"one withsmallpadding ppb_header \" style=\"text-align:left;padding:30px 0 30px 0;\" >\n<div class=\"standard_wrapper\">\n<div class=\"page_content_wrapper\">\n<div class=\"inner\">\n<div style=\"margin:auto;width:100%\">\n<h2 class=\"ppb_title\" style=\"\">Il\u00e4ggsramper<\/h2>\n<div class=\"page_header_sep left\"><\/div>\n<\/p>\n<p style=\"color: #000000;\">Runt om V\u00e4nern finns m\u00e5nga il\u00e4ggsramper f\u00f6r dig som vill ta dig till Norsk\u00e4r med b\u00e5t. N\u00e4rmast p\u00e5 fastlandet finns i s\u00f6der Ekudden i Mariestad och i norr Sj\u00f6torp. P\u00e5 sj\u00e4lva Tors\u00f6 finns il\u00e4ggsramp i Laxhalls hamn.<\/p>\n<\/div>\n<\/div>\n<\/div>\n<\/div>\n<\/div>\n<div  class=\"one withsmallpadding ppb_header \" style=\"text-align:left;padding:30px 0 30px 0;\" >\n<div class=\"standard_wrapper\">\n<div class=\"page_content_wrapper\">\n<div class=\"inner\">\n<div style=\"margin:auto;width:100%\">\n<h2 class=\"ppb_title\" style=\"\">Hamnp\u00e4rlor<\/h2>\n<div class=\"page_header_sep left\"><\/div>\n<\/div>\n<\/div>\n<\/div>\n<\/div>\n<\/div>\n<div  class=\"one\" >\n<div class=\"page_content_wrapper nopadding\">\n<div class=\"one_half_bg textright\" style=\"padding:0px;\">\n<h2 class=\"ppb_title\" >Djur\u00f6<\/h2>\n<div class=\"page_header_sep left\" ><\/div>\n<div class=\"nicepadding\">Enklast ang\u00f6r du nationalparken Djur\u00f6 fr\u00e5n norr eller v\u00e4ster. Fr\u00e5n den grunda \u00f6stsidan \u00e4r det sv\u00e5rare. <\/p>\n<p>Dessutom \u00e4r det tilltr\u00e4desf\u00f6rbud p\u00e5 \u00f6st- och sydsidan med sina f\u00e5gelskyddsomr\u00e5den fr\u00e5n 1 april till 31 juli. Den kanske b\u00e4sta hamnen p\u00e5 Djur\u00f6 \u00e4r Malbergshamn. <\/p>\n<p>F\u00f6rutom f\u00f6rt\u00f6jningsringar, sopmaja, toalett och eldst\u00e4der utg\u00e5r \u00e4ven flera str\u00f6vstigar fr\u00e5n hamnen. <\/p>\n<p>L\u00e4ngst in i hamnen finns brygga och i Malbergshamn finns ocks\u00e5 informationstavlor uppsatta.<\/p><\/div>\n<\/div>\n<div class=\"one_half_bg\"><\/div>\n<p><br class=\"clear\"\/><\/div>\n<\/div>\n<div  class=\"one\" >\n<div class=\"page_content_wrapper nopadding\">\n<div class=\"one_half_bg textright\" style=\"padding:0px;\">\n<h2 class=\"ppb_title\" >Djur\u00f6<\/h2>\n<div class=\"page_header_sep left\" ><\/div>\n<div class=\"nicepadding\">Enklast ang\u00f6r du nationalparken Djur\u00f6 fr\u00e5n norr eller v\u00e4ster. Fr\u00e5n den grunda \u00f6stsidan \u00e4r det sv\u00e5rare. <\/p>\n<p>Dessutom \u00e4r det tilltr\u00e4desf\u00f6rbud p\u00e5 \u00f6st- och sydsidan med sina f\u00e5gelskyddsomr\u00e5den fr\u00e5n 1 april till 31 juli. Den kanske b\u00e4sta hamnen p\u00e5 Djur\u00f6 \u00e4r Malbergshamn. <\/p>\n<p>F\u00f6rutom f\u00f6rt\u00f6jningsringar, sopmaja, toalett och eldst\u00e4der utg\u00e5r \u00e4ven flera str\u00f6vstigar fr\u00e5n hamnen. <\/p>\n<p>L\u00e4ngst in i hamnen finns brygga och i Malbergshamn finns ocks\u00e5 informationstavlor uppsatta.<\/p><\/div>\n<\/div>\n<div class=\"one_half_bg\"><\/div>\n<p><br class=\"clear\"\/><\/div>\n<\/div>\n<div  class=\"one\" >\n<div class=\"page_content_wrapper nopadding\">\n<div class=\"one_half_bg textright\" style=\"padding:0px;\">\n<h2 class=\"ppb_title\" >Bromm\u00f6\/Hovden<\/h2>\n<div class=\"page_header_sep left\" ><\/div>\n<div class=\"nicepadding\">Badparadiset Bromm\u00f6 med n\u00e4rliggande, vadbara \u00f6n Hovden bjuder p\u00e5 flera fina hamnar. <\/p>\n<p>En av de mest popul\u00e4ra naturhamnarna \u00e4r Lind\u00f6kroken v\u00e4ster om Bromm\u00f6 d\u00e4r det finns bryggor att ang\u00f6ra p\u00e5 Lind\u00f6krokens \u00f6stra sida och fantastiska sandstr\u00e4nder runt omkring.<\/p><\/div>\n<\/div>\n<div class=\"one_half_bg\"><\/div>\n<p><br class=\"clear\"\/><\/div>\n<\/div>\n<div  class=\"one\" >\n<div class=\"page_content_wrapper nopadding\">\n<div class=\"one_half_bg textright\" style=\"padding:0px;\">\n<h2 class=\"ppb_title\" >Bromm\u00f6\/Hovden<\/h2>\n<div class=\"page_header_sep left\" ><\/div>\n<div class=\"nicepadding\">Badparadiset Bromm\u00f6 med n\u00e4rliggande, vadbara \u00f6n Hovden bjuder p\u00e5 flera fina hamnar. <\/p>\n<p>En av de mest popul\u00e4ra naturhamnarna \u00e4r Lind\u00f6kroken v\u00e4ster om Bromm\u00f6 d\u00e4r det finns bryggor att ang\u00f6ra p\u00e5 Lind\u00f6krokens \u00f6stra sida och fantastiska sandstr\u00e4nder runt omkring.<\/p><\/div>\n<\/div>\n<div class=\"one_half_bg\"><\/div>\n<p><br class=\"clear\"\/><\/div>\n<\/div>\n<div  class=\"one\" >\n<div class=\"page_content_wrapper nopadding\">\n<div class=\"one_half_bg textright\" style=\"padding:0px;\">\n<h2 class=\"ppb_title\" >Tors\u00f6<\/h2>\n<div class=\"page_header_sep left\" ><\/div>\n<div class=\"nicepadding\">Runt om hela Tors\u00f6 finns gott om naturhamnar och bryggor. \u00d6ns g\u00e4sthamn finns i Laxhall, d\u00e4r du kan blicka ut \u00f6ver det s\u00e4genomspunna Bromm\u00f6sundet som \u00e4ven trafikeras med f\u00e4rja. <\/p>\n<p>Det g\u00e5r inte att f\u00f6rhandsboka platser i g\u00e4sthamnen d\u00e4r det finns el, wc, dusch, wifi och dricksvatten. <\/p>\n<p>Hamnkrogen intill erbjuder en meny som till stor del baseras p\u00e5 lokalproducerade r\u00e5varor som fisk och l\u00f6jrom och \u00e4kta mathantverk som mikrobryggt \u00f6l.<\/p><\/div>\n<\/div>\n<div class=\"one_half_bg\"><\/div>\n<p><br class=\"clear\"\/><\/div>\n<\/div>\n<div  class=\"one\" >\n<div class=\"page_content_wrapper nopadding\">\n<div class=\"one_half_bg textright\" style=\"padding:0px;\">\n<h2 class=\"ppb_title\" >Tors\u00f6<\/h2>\n<div class=\"page_header_sep left\" ><\/div>\n<div class=\"nicepadding\">Runt om hela Tors\u00f6 finns gott om naturhamnar och bryggor. \u00d6ns g\u00e4sthamn finns i Laxhall, d\u00e4r du kan blicka ut \u00f6ver det s\u00e4genomspunna Bromm\u00f6sundet som \u00e4ven trafikeras med f\u00e4rja. <\/p>\n<p>Det g\u00e5r inte att f\u00f6rhandsboka platser i g\u00e4sthamnen d\u00e4r det finns el, wc, dusch, wifi och dricksvatten. <\/p>\n<p>Hamnkrogen intill erbjuder en meny som till stor del baseras p\u00e5 lokalproducerade r\u00e5varor som fisk och l\u00f6jrom och \u00e4kta mathantverk som mikrobryggt \u00f6l.<\/p><\/div>\n<\/div>\n<div class=\"one_half_bg\"><\/div>\n<p><br class=\"clear\"\/><\/div>\n<\/div>\n<div  class=\"one\" >\n<div class=\"page_content_wrapper nopadding\">\n<div class=\"one_half_bg textright\" style=\"padding:0px;\">\n<h2 class=\"ppb_title\" >Kalv\u00f6arna<\/h2>\n<div class=\"page_header_sep left\" ><\/div>\n<div class=\"nicepadding\">Naturreservatet Kalv\u00f6arna norr om Tors\u00f6 \u00e4r ett popul\u00e4rt utflyktsm\u00e5l f\u00f6r b\u00e5tburna. H\u00e4r finns fantastiska badvikar med b\u00e5de kala stenh\u00e4llar och mindre sandstr\u00e4nder.<\/p>\n<p>I norr finns Moviken med g\u00e4stbrygga och toaletter. I s\u00f6der finns g\u00e4stbrygga vid Krontorp. Det finns ocks\u00e5 mindre, kompletterande bryggor f\u00f6r att underl\u00e4tta f\u00f6r dig som kommer med kanot eller kajak.<\/p>\n<p>Utm\u00e4rkta vandringsleder g\u00e5r \u00f6ver b\u00e5de Hem\u00f6n och \u00d6ster\u00f6n som pr\u00e4glas av h\u00e4llmarkstallskog. \u00d6arna \u00e4r f\u00f6rbundna med mycket speciella, l\u00e5nga stenbryggor, en rest fr\u00e5n tiden d\u00e5 \u00f6arna var bebodda och marken brukades.<\/p><\/div>\n<\/div>\n<div class=\"one_half_bg\"><\/div>\n<p><br class=\"clear\"\/><\/div>\n<\/div>\n<div  class=\"one\" >\n<div class=\"page_content_wrapper nopadding\">\n<div class=\"one_half_bg textright\" style=\"padding:0px;\">\n<h2 class=\"ppb_title\" >Kalv\u00f6arna<\/h2>\n<div class=\"page_header_sep left\" ><\/div>\n<div class=\"nicepadding\">Naturreservatet Kalv\u00f6arna norr om Tors\u00f6 \u00e4r ett popul\u00e4rt utflyktsm\u00e5l f\u00f6r b\u00e5tburna. H\u00e4r finns fantastiska badvikar med b\u00e5de kala stenh\u00e4llar och mindre sandstr\u00e4nder.<\/p>\n<p>I norr finns Moviken med g\u00e4stbrygga och toaletter. I s\u00f6der finns g\u00e4stbrygga vid Krontorp. Det finns ocks\u00e5 mindre, kompletterande bryggor f\u00f6r att underl\u00e4tta f\u00f6r dig som kommer med kanot eller kajak.<\/p>\n<p>Utm\u00e4rkta vandringsleder g\u00e5r \u00f6ver b\u00e5de Hem\u00f6n och \u00d6ster\u00f6n som pr\u00e4glas av h\u00e4llmarkstallskog. \u00d6arna \u00e4r f\u00f6rbundna med mycket speciella, l\u00e5nga stenbryggor, en rest fr\u00e5n tiden d\u00e5 \u00f6arna var bebodda och marken brukades.<\/p><\/div>\n<\/div>\n<div class=\"one_half_bg\"><\/div>\n<p><br class=\"clear\"\/><\/div>\n<\/div>\n<div  class=\"one\" >\n<div class=\"page_content_wrapper nopadding\">\n<div class=\"one_half_bg textright\" style=\"padding:0px;\">\n<h2 class=\"ppb_title\" >Mariestads g\u00e4sthamn<\/h2>\n<div class=\"page_header_sep left\" ><\/div>\n<div class=\"nicepadding\">L\u00e4ngtar du efter shopping och annat som h\u00f6r till stadslivet l\u00e4gger du enkelt till i Mariestads g\u00e4sthamn, med unika gamla stan alldeles intill. <\/p>\n<p>Med sin domkyrka, som b\u00f6rjade byggas redan 1593, och sina tr\u00e4hus fr\u00e5n 1700- och 1800-talen r\u00e4knas gamla stan i Mariestad som en av Sveriges b\u00e4st bevarade stadsk\u00e4rnor. <\/p>\n<p>Det finns till och med enstaka inslag som undgick den stora stadsbranden 1693. I hamnomr\u00e5det finns lekplats, restauranger och flera mat- och fikast\u00e4llen. <\/p>\n<p>Sj\u00e4lvklart finns h\u00e4r \u00e4ven wifi och andra faciliteter.<\/p><\/div>\n<\/div>\n<div class=\"one_half_bg\"><\/div>\n<p><br class=\"clear\"\/><\/div>\n<\/div>\n","protected":false},"excerpt":{"rendered":"<p>B\u00e5tlivet Du m\u00e5ste inte ha b\u00e5t f\u00f6r att kunna njuta av V\u00e4nersk\u00e4rg\u00e5rden. Men om du gillar att ge dig ut p\u00e5 sj\u00f6n s\u00e5 kommer du verkligen att uppskatta allt som Europas st\u00f6rsta insj\u00f6sk\u00e4rg\u00e5rd har att erbjuda. H\u00e4r finns avskilda naturhamnar [&hellip;]<\/p>\n","protected":false},"author":1,"featured_media":0,"parent":0,"menu_order":0,"comment_status":"closed","ping_status":"closed","template":"","meta":[],"jetpack-related-posts":[{"id":3990,"url":"https:\/\/xn--norskr-fua.se\/index.php\/landskapet\/","url_meta":{"origin":4107,"position":0},"title":"Landskapet","date":"19 april, 2021","format":false,"excerpt":"LandskapetEtt ur\u00e5ldrigt landskap som formats under \u00e5rmiljarder v\u00e4ntar p\u00e5 att ta andan ur dig som kommer till Tors\u00f6 och Norsk\u00e4r. Med sin sk\u00e4rg\u00e5rd och sin n\u00e4rhet till Mariestad \u00e4r det h\u00e4r en perfekt plats att dra sig tillbaka till f\u00f6r att finna lugnet och utg\u00e5 ifr\u00e5n n\u00e4r du snabbt vill\u2026","rel":"","context":"Liknande inl\u00e4gg","img":{"alt_text":"","src":"","width":0,"height":0},"classes":[]},{"id":4143,"url":"https:\/\/xn--norskr-fua.se\/index.php\/ditt-nya-hem\/","url_meta":{"origin":4107,"position":1},"title":"Ditt nya hem","date":"19 april, 2021","format":false,"excerpt":"Ditt nya hemDu blickar ut \u00f6ver V\u00e4nern vid frukostbordet. Tar en p\u00e5t\u00e5r till. Kanske \u00f6ppnar du d\u00f6rren och tar med dig koppen ut p\u00e5 tr\u00e4d\u00e4cket och k\u00e4nner doften av varma tallstammar. L\u00e5ter tankarna vandra fritt medan du h\u00f6r t\u00e4rnorna och m\u00e5sarna som skrattande drar f\u00f6rbi. Du f\u00f6ljer dem med blicken\u2026","rel":"","context":"Liknande inl\u00e4gg","img":{"alt_text":"","src":"","width":0,"height":0},"classes":[]},{"id":4068,"url":"https:\/\/xn--norskr-fua.se\/index.php\/omradet\/","url_meta":{"origin":4107,"position":2},"title":"Omr\u00e5det","date":"19 april, 2021","format":false,"excerpt":"Omr\u00e5det Det \u00e4r l\u00e4tt att l\u00e4ngta till lugnet, avskildheten och de njutbara naturscenerierna h\u00e4r. N\u00e4r du v\u00e4ljer ett hus p\u00e5 Norsk\u00e4r v\u00e4ljer du ocks\u00e5 en livsstil d\u00e4r naturen och \u00e5rstidsv\u00e4xlingarna pr\u00e4glar tillvaron. Du kan njuta av sol och h\u00e4rliga bad under stilla sommardagar eller mysiga h\u00f6stkv\u00e4llar med t\u00e4nda ljus och\u2026","rel":"","context":"Liknande inl\u00e4gg","img":{"alt_text":"","src":"","width":0,"height":0},"classes":[]},{"id":3667,"url":"https:\/\/xn--norskr-fua.se\/","url_meta":{"origin":4107,"position":3},"title":"Startsida","date":"7 juli, 2015","format":false,"excerpt":"Norsk\u00e4rDet \u00e4r l\u00e4tt att l\u00e4ngta till lugnet, avskildheten och de njutbara naturscenerierna h\u00e4r. N\u00e4r du v\u00e4ljer ett hus p\u00e5 Norsk\u00e4r v\u00e4ljer du ocks\u00e5 en livsstil d\u00e4r naturen och \u00e5rstidsv\u00e4xlingarna pr\u00e4glar tillvaron. Du kan njuta av sol och h\u00e4rliga bad under stilla sommardagar eller mysiga h\u00f6stkv\u00e4llar med t\u00e4nda ljus och byiga\u2026","rel":"","context":"Liknande inl\u00e4gg","img":{"alt_text":"","src":"","width":0,"height":0},"classes":[]}],"_links":{"self":[{"href":"https:\/\/xn--norskr-fua.se\/index.php\/wp-json\/wp\/v2\/pages\/4107"}],"collection":[{"href":"https:\/\/xn--norskr-fua.se\/index.php\/wp-json\/wp\/v2\/pages"}],"about":[{"href":"https:\/\/xn--norskr-fua.se\/index.php\/wp-json\/wp\/v2\/types\/page"}],"author":[{"embeddable":true,"href":"https:\/\/xn--norskr-fua.se\/index.php\/wp-json\/wp\/v2\/users\/1"}],"replies":[{"embeddable":true,"href":"https:\/\/xn--norskr-fua.se\/index.php\/wp-json\/wp\/v2\/comments?post=4107"}],"version-history":[{"count":24,"href":"https:\/\/xn--norskr-fua.se\/index.php\/wp-json\/wp\/v2\/pages\/4107\/revisions"}],"predecessor-version":[{"id":4204,"href":"https:\/\/xn--norskr-fua.se\/index.php\/wp-json\/wp\/v2\/pages\/4107\/revisions\/4204"}],"wp:attachment":[{"href":"https:\/\/xn--norskr-fua.se\/index.php\/wp-json\/wp\/v2\/media?parent=4107"}],"curies":[{"name":"wp","href":"https:\/\/api.w.org\/{rel}","templated":true}]}}