{"id":4143,"date":"2021-04-19T14:39:45","date_gmt":"2021-04-19T12:39:45","guid":{"rendered":"http:\/\/xn--norskr-fua.se\/?page_id=4143"},"modified":"2021-09-02T08:10:02","modified_gmt":"2021-09-02T06:10:02","slug":"ditt-nya-hem","status":"publish","type":"page","link":"https:\/\/xn--norskr-fua.se\/index.php\/ditt-nya-hem\/","title":{"rendered":"Ditt nya hem"},"content":{"rendered":"<div  class=\"one withsmallpadding ppb_content_half_bg \" style=\"padding:30px 0 30px 0;\" >\n<div class=\"standard_wrapper\">\n<div class=\"page_content_wrapper\">\n<div class=\"inner\">\n<div class=\"one_half_bg floatright\" style=\"background:#ffffff;background:rgb(255,255,255,1);background:rgba(255,255,255,1);\">\n<h2 class=\"ppb_title\" style=\"\">Ditt nya hem<\/h2>\n<div class=\"page_header_sep left\" ><\/div>\n<p>Du blickar ut \u00f6ver V\u00e4nern vid frukostbordet. Tar en p\u00e5t\u00e5r till.<\/p>\n<p>Kanske \u00f6ppnar du d\u00f6rren och tar med dig koppen ut p\u00e5 tr\u00e4d\u00e4cket och k\u00e4nner doften av varma tallstammar.<\/p>\n<p>L\u00e5ter tankarna vandra fritt medan du h\u00f6r t\u00e4rnorna och m\u00e5sarna som skrattande drar f\u00f6rbi. Du f\u00f6ljer dem med blicken d\u00e4r de sakta uppslukas av den bl\u00e5 horisonten.<\/p>\n<p>Det \u00e4r s\u00e5 h\u00e4r dagen tar sin b\u00f6rjan i dag. Och i morgon och alla andra dagar om du vill, oavsett om det \u00e4r ditt f\u00f6rsta eller andra hem.<\/p>\n<\/div>\n<\/div>\n<\/div>\n<\/div>\n<\/div>\n<div  class=\"one withsmallpadding ppb_content_half_bg \" style=\"padding:30px 0 30px 0;\" >\n<div class=\"standard_wrapper\">\n<div class=\"page_content_wrapper\">\n<div class=\"inner\">\n<div class=\"one_half_bg floatright\" style=\"background:#ffffff;background:rgb(255,255,255,1);background:rgba(255,255,255,1);\">\n<h2 class=\"ppb_title\" style=\"\">Ditt nya hem<\/h2>\n<div class=\"page_header_sep left\" ><\/div>\n<p>Du blickar ut \u00f6ver V\u00e4nern vid frukostbordet. Tar en p\u00e5t\u00e5r till.<\/p>\n<p>Kanske \u00f6ppnar du d\u00f6rren och tar med dig koppen ut p\u00e5 tr\u00e4d\u00e4cket och k\u00e4nner doften av varma tallstammar.<\/p>\n<p>L\u00e5ter tankarna vandra fritt medan du h\u00f6r t\u00e4rnorna och m\u00e5sarna som skrattande drar f\u00f6rbi. Du f\u00f6ljer dem med blicken d\u00e4r de sakta uppslukas av den bl\u00e5 horisonten.<\/p>\n<p>Det \u00e4r s\u00e5 h\u00e4r dagen tar sin b\u00f6rjan i dag. Och i morgon och alla andra dagar om du vill, oavsett om det \u00e4r ditt f\u00f6rsta eller andra hem.<\/p>\n<\/div>\n<\/div>\n<\/div>\n<\/div>\n<\/div>\n<div  class=\"one\" >\n<div class=\"page_content_wrapper nopadding\">\n<div class=\"one_half_bg textright\" style=\"padding:0px;\">\n<h2 class=\"ppb_title\" >Tomterna<\/h2>\n<div class=\"page_header_sep left\" ><\/div>\n<div class=\"nicepadding\">Varje naturtomt p\u00e5 Norsk\u00e4r \u00e4r unik med sitt l\u00e4ge och sina f\u00f6ruts\u00e4ttningar. Gemensamt f\u00f6r samtliga tomter \u00e4r dock att de \u00e4r stora \u2013 de allra flesta kring 1 200 kvadratmeter. Under dig har du fast berggrund och runt dig finns naturen med vatten och himmel som m\u00f6ts vid horisonten.<br \/>\nEftersom natur- och djurliv \u00e4r n\u00e5got alldeles extra i det h\u00e4r omr\u00e5det, s\u00e5 g\u00e4ller 300 meters strandskydd i st\u00e4llet f\u00f6r de vanliga 100 metrarna.<\/p>\n<p>Det \u00e4r ocks\u00e5 luftigt mellan tomterna, eftersom det ska vara l\u00e4tt att ta sig ner till stranden oavsett var man befinner sig i omr\u00e5det.<\/p>\n<p>Om du g\u00e4rna klipper gr\u00e4set dagligen och \u00e4lskar att dra upp sn\u00f6rr\u00e4ta rader med rabatter som du sedan lukar och tuktar omsorgsfullt, \u00e4r det nog inte h\u00e4r du ska hitta din dr\u00f6mtr\u00e4dg\u00e5rd.<\/p>\n<p>H\u00e4r \u00e4r det naturligt och lite lagom vilt som g\u00e4ller. Marken \u00e4r karg och klippig och det \u00e4r enklast att l\u00e5ta naturen vara tr\u00e4dg\u00e5rdsm\u00e4stare.<\/p><\/div>\n<\/div>\n<div class=\"one_half_bg\"><\/div>\n<p><br class=\"clear\"\/><\/div>\n<\/div>\n<div  class=\"one\" >\n<div class=\"page_content_wrapper nopadding\">\n<div class=\"one_half_bg textright\" style=\"padding:0px;\">\n<h2 class=\"ppb_title\" >Tomterna<\/h2>\n<div class=\"page_header_sep left\" ><\/div>\n<div class=\"nicepadding\">Varje naturtomt p\u00e5 Norsk\u00e4r \u00e4r unik med sitt l\u00e4ge och sina f\u00f6ruts\u00e4ttningar. Gemensamt f\u00f6r samtliga tomter \u00e4r dock att de \u00e4r stora \u2013 de allra flesta kring 1 200 kvadratmeter. Under dig har du fast berggrund och runt dig finns naturen med vatten och himmel som m\u00f6ts vid horisonten.<br \/>\nEftersom natur- och djurliv \u00e4r n\u00e5got alldeles extra i det h\u00e4r omr\u00e5det, s\u00e5 g\u00e4ller 300 meters strandskydd i st\u00e4llet f\u00f6r de vanliga 100 metrarna.<\/p>\n<p>Det \u00e4r ocks\u00e5 luftigt mellan tomterna, eftersom det ska vara l\u00e4tt att ta sig ner till stranden oavsett var man befinner sig i omr\u00e5det.<\/p>\n<p>Om du g\u00e4rna klipper gr\u00e4set dagligen och \u00e4lskar att dra upp sn\u00f6rr\u00e4ta rader med rabatter som du sedan lukar och tuktar omsorgsfullt, \u00e4r det nog inte h\u00e4r du ska hitta din dr\u00f6mtr\u00e4dg\u00e5rd.<\/p>\n<p>H\u00e4r \u00e4r det naturligt och lite lagom vilt som g\u00e4ller. Marken \u00e4r karg och klippig och det \u00e4r enklast att l\u00e5ta naturen vara tr\u00e4dg\u00e5rdsm\u00e4stare.<\/p><\/div>\n<\/div>\n<div class=\"one_half_bg\"><\/div>\n<p><br class=\"clear\"\/><\/div>\n<\/div>\n<div  class=\"one\" >\n<div class=\"page_content_wrapper nopadding\">\n<div class=\"one_half_bg textright\" style=\"padding:0px;\">\n<h2 class=\"ppb_title\" >Husen<\/h2>\n<div class=\"page_header_sep left\" ><\/div>\n<div class=\"nicepadding\">L\u00e4get vid Norsk\u00e4r \u00e4r speciellt. Fr\u00e5n Eneberget har du bara n\u00e5gra snabba steg ner till badplatsen vid stranden. Framf\u00f6r dig glittrar V\u00e4nerns bl\u00e5 vatten och l\u00e4ngre bort ser du Mariestad spegla sig i sj\u00f6n.<\/p>\n<p>Huset som du bor i kommer till allra st\u00f6rsta delen att vara byggt med naturmaterial.<br \/>\nDels f\u00f6r att sm\u00e4lta in i milj\u00f6n samtidigt som det ger ett behagligt inomhusklimat, men ocks\u00e5 f\u00f6r att det \u00e4r klimatsmart, f\u00f6rnybart och milj\u00f6v\u00e4nligt.<\/p>\n<p>Den gr\u00e5svarta br\u00e4dpanelen g\u00e5r i ton med taket och g\u00f6r ditt hus n\u00e4stan osynligt fr\u00e5n stranden. H\u00e4r blir du och din omgivning verkligen till en del av naturen.<\/p><\/div>\n<\/div>\n<div class=\"one_half_bg\"><\/div>\n<p><br class=\"clear\"\/><\/div>\n<\/div>\n<div  class=\"one\" >\n<div class=\"page_content_wrapper nopadding\">\n<div class=\"one_half_bg textright\" style=\"padding:0px;\">\n<h2 class=\"ppb_title\" >Husen<\/h2>\n<div class=\"page_header_sep left\" ><\/div>\n<div class=\"nicepadding\">L\u00e4get vid Norsk\u00e4r \u00e4r speciellt. Fr\u00e5n Eneberget har du bara n\u00e5gra snabba steg ner till badplatsen vid stranden. Framf\u00f6r dig glittrar V\u00e4nerns bl\u00e5 vatten och l\u00e4ngre bort ser du Mariestad spegla sig i sj\u00f6n.<\/p>\n<p>Huset som du bor i kommer till allra st\u00f6rsta delen att vara byggt med naturmaterial.<br \/>\nDels f\u00f6r att sm\u00e4lta in i milj\u00f6n samtidigt som det ger ett behagligt inomhusklimat, men ocks\u00e5 f\u00f6r att det \u00e4r klimatsmart, f\u00f6rnybart och milj\u00f6v\u00e4nligt.<\/p>\n<p>Den gr\u00e5svarta br\u00e4dpanelen g\u00e5r i ton med taket och g\u00f6r ditt hus n\u00e4stan osynligt fr\u00e5n stranden. H\u00e4r blir du och din omgivning verkligen till en del av naturen.<\/p><\/div>\n<\/div>\n<div class=\"one_half_bg\"><\/div>\n<p><br class=\"clear\"\/><\/div>\n<\/div>\n<div  class=\"one\" >\n<div class=\"page_content_wrapper nopadding\">\n<div class=\"one_half_bg textright\" style=\"padding:0px;\">\n<h2 class=\"ppb_title\" >S\u00e5 funkar det<\/h2>\n<div class=\"page_header_sep left\" ><\/div>\n<div class=\"nicepadding\">N\u00e4r du v\u00e4l har best\u00e4mt dig f\u00f6r att Norsk\u00e4r \u00e4r din n\u00e4sta plats p\u00e5 jorden \u00e4r det dags att v\u00e4lja modell p\u00e5 ditt dr\u00f6mhus och eventuellt anpassa det en smula efter dina personliga \u00f6nskem\u00e5l.<\/p>\n<p>S\u00e5 snart du har f\u00e5tt s\u00e4llskap av ytterligare n\u00e5gra personer som blivit f\u00f6r\u00e4lskade i platsen, drar vi ig\u00e5ng sj\u00e4lva byggprocessen.<\/p>\n<p>Fr\u00e5n det att huset \u00e4r best\u00e4llt, tar det ungef\u00e4r ett \u00e5r tills du f\u00e5r nycklarna till ytterd\u00f6rren.<\/p><\/div>\n<\/div>\n<div class=\"one_half_bg\"><\/div>\n<p><br class=\"clear\"\/><\/div>\n<\/div>\n","protected":false},"excerpt":{"rendered":"<p>Ditt nya hem Du blickar ut \u00f6ver V\u00e4nern vid frukostbordet. Tar en p\u00e5t\u00e5r till. Kanske \u00f6ppnar du d\u00f6rren och tar med dig koppen ut p\u00e5 tr\u00e4d\u00e4cket och k\u00e4nner doften av varma tallstammar. L\u00e5ter tankarna vandra fritt medan du h\u00f6r t\u00e4rnorna [&hellip;]<\/p>\n","protected":false},"author":1,"featured_media":0,"parent":0,"menu_order":0,"comment_status":"closed","ping_status":"closed","template":"","meta":[],"jetpack-related-posts":[{"id":3990,"url":"https:\/\/xn--norskr-fua.se\/index.php\/landskapet\/","url_meta":{"origin":4143,"position":0},"title":"Landskapet","date":"19 april, 2021","format":false,"excerpt":"LandskapetEtt ur\u00e5ldrigt landskap som formats under \u00e5rmiljarder v\u00e4ntar p\u00e5 att ta andan ur dig som kommer till Tors\u00f6 och Norsk\u00e4r. Med sin sk\u00e4rg\u00e5rd och sin n\u00e4rhet till Mariestad \u00e4r det h\u00e4r en perfekt plats att dra sig tillbaka till f\u00f6r att finna lugnet och utg\u00e5 ifr\u00e5n n\u00e4r du snabbt vill\u2026","rel":"","context":"Liknande inl\u00e4gg","img":{"alt_text":"","src":"","width":0,"height":0},"classes":[]},{"id":4068,"url":"https:\/\/xn--norskr-fua.se\/index.php\/omradet\/","url_meta":{"origin":4143,"position":1},"title":"Omr\u00e5det","date":"19 april, 2021","format":false,"excerpt":"Omr\u00e5det Det \u00e4r l\u00e4tt att l\u00e4ngta till lugnet, avskildheten och de njutbara naturscenerierna h\u00e4r. N\u00e4r du v\u00e4ljer ett hus p\u00e5 Norsk\u00e4r v\u00e4ljer du ocks\u00e5 en livsstil d\u00e4r naturen och \u00e5rstidsv\u00e4xlingarna pr\u00e4glar tillvaron. Du kan njuta av sol och h\u00e4rliga bad under stilla sommardagar eller mysiga h\u00f6stkv\u00e4llar med t\u00e4nda ljus och\u2026","rel":"","context":"Liknande inl\u00e4gg","img":{"alt_text":"","src":"","width":0,"height":0},"classes":[]},{"id":4107,"url":"https:\/\/xn--norskr-fua.se\/index.php\/batlivet\/","url_meta":{"origin":4143,"position":2},"title":"B\u00e5tlivet","date":"19 april, 2021","format":false,"excerpt":"B\u00e5tlivetDu m\u00e5ste inte ha b\u00e5t f\u00f6r att kunna njuta av V\u00e4nersk\u00e4rg\u00e5rden. Men om du gillar att ge dig ut p\u00e5 sj\u00f6n s\u00e5 kommer du verkligen att uppskatta allt som Europas st\u00f6rsta insj\u00f6sk\u00e4rg\u00e5rd har att erbjuda. H\u00e4r finns avskilda naturhamnar d\u00e4r du kan ankra och k\u00e4nna dig ensam i paradiset men\u2026","rel":"","context":"Liknande inl\u00e4gg","img":{"alt_text":"","src":"","width":0,"height":0},"classes":[]},{"id":3667,"url":"https:\/\/xn--norskr-fua.se\/","url_meta":{"origin":4143,"position":3},"title":"Startsida","date":"7 juli, 2015","format":false,"excerpt":"Norsk\u00e4rDet \u00e4r l\u00e4tt att l\u00e4ngta till lugnet, avskildheten och de njutbara naturscenerierna h\u00e4r. N\u00e4r du v\u00e4ljer ett hus p\u00e5 Norsk\u00e4r v\u00e4ljer du ocks\u00e5 en livsstil d\u00e4r naturen och \u00e5rstidsv\u00e4xlingarna pr\u00e4glar tillvaron. Du kan njuta av sol och h\u00e4rliga bad under stilla sommardagar eller mysiga h\u00f6stkv\u00e4llar med t\u00e4nda ljus och byiga\u2026","rel":"","context":"Liknande inl\u00e4gg","img":{"alt_text":"","src":"","width":0,"height":0},"classes":[]}],"_links":{"self":[{"href":"https:\/\/xn--norskr-fua.se\/index.php\/wp-json\/wp\/v2\/pages\/4143"}],"collection":[{"href":"https:\/\/xn--norskr-fua.se\/index.php\/wp-json\/wp\/v2\/pages"}],"about":[{"href":"https:\/\/xn--norskr-fua.se\/index.php\/wp-json\/wp\/v2\/types\/page"}],"author":[{"embeddable":true,"href":"https:\/\/xn--norskr-fua.se\/index.php\/wp-json\/wp\/v2\/users\/1"}],"replies":[{"embeddable":true,"href":"https:\/\/xn--norskr-fua.se\/index.php\/wp-json\/wp\/v2\/comments?post=4143"}],"version-history":[{"count":32,"href":"https:\/\/xn--norskr-fua.se\/index.php\/wp-json\/wp\/v2\/pages\/4143\/revisions"}],"predecessor-version":[{"id":4201,"href":"https:\/\/xn--norskr-fua.se\/index.php\/wp-json\/wp\/v2\/pages\/4143\/revisions\/4201"}],"wp:attachment":[{"href":"https:\/\/xn--norskr-fua.se\/index.php\/wp-json\/wp\/v2\/media?parent=4143"}],"curies":[{"name":"wp","href":"https:\/\/api.w.org\/{rel}","templated":true}]}}