{"id":4308,"date":"2023-06-05T08:45:06","date_gmt":"2023-06-05T06:45:06","guid":{"rendered":"http:\/\/xn--norskr-fua.se\/?post_type=product&#038;p=4308"},"modified":"2023-06-05T08:45:07","modified_gmt":"2023-06-05T06:45:07","slug":"tomt-torso","status":"publish","type":"product","link":"https:\/\/xn--norskr-fua.se\/index.php\/produkt\/tomt-torso\/","title":{"rendered":"Tomt Tors\u00f6"},"content":{"rendered":"<p>ABCDEF Text<\/p>\n","protected":false},"excerpt":{"rendered":"<p>St\u00e4ll dig i tomtk\u00f6 genom att g\u00f6ra en betalning p\u00e5 n\u00e4tet f\u00f6r tomten.<\/p>\n","protected":false},"featured_media":4099,"template":"","meta":[],"product_cat":[42],"product_tag":[],"jetpack-related-posts":[],"_links":{"self":[{"href":"https:\/\/xn--norskr-fua.se\/index.php\/wp-json\/wp\/v2\/product\/4308"}],"collection":[{"href":"https:\/\/xn--norskr-fua.se\/index.php\/wp-json\/wp\/v2\/product"}],"about":[{"href":"https:\/\/xn--norskr-fua.se\/index.php\/wp-json\/wp\/v2\/types\/product"}],"wp:featuredmedia":[{"embeddable":true,"href":"https:\/\/xn--norskr-fua.se\/index.php\/wp-json\/wp\/v2\/media\/4099"}],"wp:attachment":[{"href":"https:\/\/xn--norskr-fua.se\/index.php\/wp-json\/wp\/v2\/media?parent=4308"}],"wp:term":[{"taxonomy":"product_cat","embeddable":true,"href":"https:\/\/xn--norskr-fua.se\/index.php\/wp-json\/wp\/v2\/product_cat?post=4308"},{"taxonomy":"product_tag","embeddable":true,"href":"https:\/\/xn--norskr-fua.se\/index.php\/wp-json\/wp\/v2\/product_tag?post=4308"}],"curies":[{"name":"wp","href":"https:\/\/api.w.org\/{rel}","templated":true}]}}